{"id":36714,"date":"2021-06-19T15:36:30","date_gmt":"2021-06-19T12:36:30","guid":{"rendered":"https:\/\/liemessa.fi\/workshopit\/"},"modified":"2021-08-23T16:23:14","modified_gmt":"2021-08-23T13:23:14","slug":"workshops","status":"publish","type":"page","link":"https:\/\/liemessa.fi\/en\/workshops\/","title":{"rendered":"Workshops"},"content":{"rendered":"\n<h2 class=\"has-text-align-center wp-block-heading\">CREATIVE WORKSHOP &#8211; PHOTOGRAPHY I INSTAGRAM I PINTEREST<\/h2>\n\n\n\n<p class=\"has-text-align-center\">Helsinki dates 25.3 &amp; 26.3<\/p>\n\n\n\n<p class=\"has-text-align-center\"><a href=\"https:\/\/holvi.com\/shop\/veerarusanen\/section\/luova-workshop\/\">&gt;&gt; SIGN UP HERE &lt;&lt;<\/a><\/p>\n\n\n\n<div class=\"wp-block-image\"><figure class=\"aligncenter\"><img loading=\"lazy\" decoding=\"async\" width=\"675\" height=\"450\" src=\"https:\/\/liemessa.fi\/wp-content\/uploads\/2017\/03\/luova-workshop-logo-novelle-675px-1.jpg\" alt=\"\" class=\"wp-image-20225\" srcset=\"https:\/\/liemessa.fi\/wp-content\/uploads\/2017\/03\/luova-workshop-logo-novelle-675px-1.jpg 675w, https:\/\/liemessa.fi\/wp-content\/uploads\/2017\/03\/luova-workshop-logo-novelle-675px-1-300x200.jpg 300w\" sizes=\"(max-width: 675px) 100vw, 675px\" \/><\/figure><\/div>\n\n\n\n<p>A creative one day workshop that is held in Helsinki. Two separate dates are available: saturday 25.3. and sunday 26.3. between 10-17.<\/p>\n\n\n\n<p><strong>Course description:<\/strong><\/p>\n\n\n\n<p>Luovassa Workshopissa k\u00e4yd\u00e4\u00e4n l\u00e4pi valokuvauksen ja sis\u00e4ll\u00f6ntuotannon koko luova prosessi: inspiraatio, kalusto, valon muokkaus, food design, sommittelu, stailaus, rekvisitointi, tunnelman luominen, tarinankerronta, kuvank\u00e4sittely ja tuotantoprosessi. Suunnittelemme ja toteutamme p\u00e4iv\u00e4n aikana ammattimaiset kuvaukset luonnonvalossa. Lis\u00e4ksi opit br\u00e4nd\u00e4\u00e4m\u00e4\u00e4n itsesi, blogisi, yrityksesi ja\/tai sosiaalisen median kanavasi sek\u00e4 tavoittamaan lis\u00e4\u00e4 oikeita ihmisi\u00e4 Instagramissa ja saamaan lis\u00e4\u00e4 liikennett\u00e4 Pinterestist\u00e4.<\/p>\n\n\n\n<p>Kurssi sopii kaikille luovasta valokuvauksesta ja sis\u00e4ll\u00f6ntuotannosta kiinnostuneille. J\u00e4rjestelm\u00e4kamera ei ole pakollinen kurssille osallistuaksesi, mutta laitteesi, oli se sitten kamera tai puhelin, perusasetukset tulisi olla hallussa.<\/p>\n\n\n\n<p><strong>Course experts<\/strong><\/p>\n\n\n\n<p>Jenni H\u00e4yrinen, ruokataiteilija ja vaikuttaja, Blog Awards Finland 2016 Paras ruokablogi -voittaja @liemessa<br>Veera Rusanen, somestrategi, kouluttaja ja bloggaaja @thequeenofdelicious<br>Saara Atula, ruokabloggaaja, instagrammaaja ja huippuassari @viimeistamuruamyoten<\/p>\n\n\n\n<p><strong>Creative Space<\/strong><\/p>\n\n\n\n<p>The course is organized at my creative studio. K\u00e4yt\u00f6ss\u00e4mme on upea ja valoisa loft-henkinen ty\u00f6huone ja kuvauskeitti\u00f6 Vallilan teollisuusalueella.<\/p>\n\n\n\n<p><strong>Price<br><\/strong><br>Hinta 297 \u20ac sis\u00e4lt\u00e4\u00e4 kurssikokonaisuuden luovalla ty\u00f6huoneella, kuvauskeitti\u00f6n k\u00e4yt\u00f6n, kurssimateriaalin, lounaan, kahvit ja tietysti lopuksi p\u00e4\u00e4semme maistelemaan omia tuotoksiamme, katselemaan kuvia ja kertaamaan p\u00e4iv\u00e4n aikana opittua.<\/p>\n\n\n\n<p><strong>Registration<\/strong><\/p>\n\n\n\n<p>Registration is now open! Places will be filled in the order of registration. The limit of participants is 12 for each day. Ilmoittautuminen tapahtuu maksamalla Luova Workshop haluamallesi p\u00e4iv\u00e4lle Veeran verkkokaupassa. Maksun j\u00e4lkeen olet lunastanut paikkasi kurssille ja saat lis\u00e4tietoja s\u00e4hk\u00f6postitse ennen tapahtumaa. Voit olla minuun aina yhteydess\u00e4 s\u00e4hk\u00f6postitse jenni ( at ) jennihayrinen.com jos sinulla her\u00e4\u00e4 kysymyksi\u00e4. Tervetuloa p\u00e4\u00e4st\u00e4m\u00e4\u00e4n luovuutesi valloilleen kanssamme!<\/p>\n\n\n\n<blockquote class=\"wp-block-quote has-text-align-center\"><p style=\"text-align: center;\"><a href=\"https:\/\/holvi.com\/shop\/veerarusanen\/section\/luova-workshop\/\">&gt; SIGN UP HERE &lt;&lt;<\/a><\/p><\/blockquote>\n","protected":false},"excerpt":{"rendered":"<p>CREATIVE WORKSHOP &#8211; PHOTOGRAPHY I INSTAGRAM I PINTEREST Helsinki dates 25.3 &amp; 26.3 &gt;&gt; SIGN UP HERE &lt;&lt; A creative one day workshop that is held in Helsinki. Two separate&#8230;<\/p>\n","protected":false},"author":3,"featured_media":0,"parent":0,"menu_order":0,"comment_status":"closed","ping_status":"closed","template":"","meta":{"footnotes":""},"yoast_head":"<!-- This site is optimized with the Yoast SEO plugin v22.7 - https:\/\/yoast.com\/wordpress\/plugins\/seo\/ -->\n<title>Workshops &#8211; Liemess\u00e4<\/title>\n<meta name=\"robots\" content=\"index, follow, max-snippet:-1, max-image-preview:large, max-video-preview:-1\" \/>\n<link rel=\"canonical\" href=\"https:\/\/liemessa.fi\/en\/workshops\/\" \/>\n<meta property=\"og:locale\" content=\"en_US\" \/>\n<meta property=\"og:type\" content=\"article\" \/>\n<meta property=\"og:title\" content=\"Workshops &#8211; Liemess\u00e4\" \/>\n<meta property=\"og:description\" content=\"CREATIVE WORKSHOP &#8211; PHOTOGRAPHY I INSTAGRAM I PINTEREST Helsinki dates 25.3 &amp; 26.3 &gt;&gt; SIGN UP HERE &lt;&lt; A creative one day workshop that is held in Helsinki. Two separate...\" \/>\n<meta property=\"og:url\" content=\"https:\/\/liemessa.fi\/en\/workshops\/\" \/>\n<meta property=\"og:site_name\" content=\"Liemess\u00e4\" \/>\n<meta property=\"article:modified_time\" content=\"2021-08-23T13:23:14+00:00\" \/>\n<meta property=\"og:image\" content=\"https:\/\/liemessa.fi\/wp-content\/uploads\/2017\/03\/luova-workshop-logo-novelle-675px-1.jpg\" \/>\n<meta name=\"twitter:card\" content=\"summary_large_image\" \/>\n<meta name=\"twitter:site\" content=\"@jennihayrinen\" \/>\n<script type=\"application\/ld+json\" class=\"yoast-schema-graph\">{\"@context\":\"https:\/\/schema.org\",\"@graph\":[{\"@type\":\"WebPage\",\"@id\":\"https:\/\/liemessa.fi\/en\/workshops\/\",\"url\":\"https:\/\/liemessa.fi\/en\/workshops\/\",\"name\":\"Workshops &#8211; Liemess\u00e4\",\"isPartOf\":{\"@id\":\"https:\/\/liemessa.fi\/en\/#website\"},\"primaryImageOfPage\":{\"@id\":\"https:\/\/liemessa.fi\/en\/workshops\/#primaryimage\"},\"image\":{\"@id\":\"https:\/\/liemessa.fi\/en\/workshops\/#primaryimage\"},\"thumbnailUrl\":\"https:\/\/liemessa.fi\/wp-content\/uploads\/2017\/03\/luova-workshop-logo-novelle-675px-1.jpg\",\"datePublished\":\"2021-06-19T12:36:30+00:00\",\"dateModified\":\"2021-08-23T13:23:14+00:00\",\"breadcrumb\":{\"@id\":\"https:\/\/liemessa.fi\/en\/workshops\/#breadcrumb\"},\"inLanguage\":\"en-US\",\"potentialAction\":[{\"@type\":\"ReadAction\",\"target\":[\"https:\/\/liemessa.fi\/en\/workshops\/\"]}]},{\"@type\":\"ImageObject\",\"inLanguage\":\"en-US\",\"@id\":\"https:\/\/liemessa.fi\/en\/workshops\/#primaryimage\",\"url\":\"https:\/\/liemessa.fi\/wp-content\/uploads\/2017\/03\/luova-workshop-logo-novelle-675px-1.jpg\",\"contentUrl\":\"https:\/\/liemessa.fi\/wp-content\/uploads\/2017\/03\/luova-workshop-logo-novelle-675px-1.jpg\"},{\"@type\":\"BreadcrumbList\",\"@id\":\"https:\/\/liemessa.fi\/en\/workshops\/#breadcrumb\",\"itemListElement\":[{\"@type\":\"ListItem\",\"position\":1,\"name\":\"Home\",\"item\":\"https:\/\/liemessa.fi\/en\/\"},{\"@type\":\"ListItem\",\"position\":2,\"name\":\"Workshops\"}]},{\"@type\":\"WebSite\",\"@id\":\"https:\/\/liemessa.fi\/en\/#website\",\"url\":\"https:\/\/liemessa.fi\/en\/\",\"name\":\"Liemess\u00e4\",\"description\":\"Ruokablogi\",\"publisher\":{\"@id\":\"https:\/\/liemessa.fi\/en\/#\/schema\/person\/596d2ce90763fa48ca2bfdcb2ff0569c\"},\"potentialAction\":[{\"@type\":\"SearchAction\",\"target\":{\"@type\":\"EntryPoint\",\"urlTemplate\":\"https:\/\/liemessa.fi\/en\/?s={search_term_string}\"},\"query-input\":\"required name=search_term_string\"}],\"inLanguage\":\"en-US\"},{\"@type\":[\"Person\",\"Organization\"],\"@id\":\"https:\/\/liemessa.fi\/en\/#\/schema\/person\/596d2ce90763fa48ca2bfdcb2ff0569c\",\"name\":\"Jenni\",\"image\":{\"@type\":\"ImageObject\",\"inLanguage\":\"en-US\",\"@id\":\"https:\/\/liemessa.fi\/en\/#\/schema\/person\/image\/\",\"url\":\"https:\/\/liemessa.fi\/wp-content\/uploads\/2020\/12\/Liemessa-logo-v2.png\",\"contentUrl\":\"https:\/\/liemessa.fi\/wp-content\/uploads\/2020\/12\/Liemessa-logo-v2.png\",\"width\":700,\"height\":220,\"caption\":\"Jenni\"},\"logo\":{\"@id\":\"https:\/\/liemessa.fi\/en\/#\/schema\/person\/image\/\"},\"sameAs\":[\"https:\/\/liemessa.fi\"]}]}<\/script>\n<!-- \/ Yoast SEO plugin. -->","yoast_head_json":{"title":"Workshops &#8211; Liemess\u00e4","robots":{"index":"index","follow":"follow","max-snippet":"max-snippet:-1","max-image-preview":"max-image-preview:large","max-video-preview":"max-video-preview:-1"},"canonical":"https:\/\/liemessa.fi\/en\/workshops\/","og_locale":"en_US","og_type":"article","og_title":"Workshops &#8211; Liemess\u00e4","og_description":"CREATIVE WORKSHOP &#8211; PHOTOGRAPHY I INSTAGRAM I PINTEREST Helsinki dates 25.3 &amp; 26.3 &gt;&gt; SIGN UP HERE &lt;&lt; A creative one day workshop that is held in Helsinki. Two separate...","og_url":"https:\/\/liemessa.fi\/en\/workshops\/","og_site_name":"Liemess\u00e4","article_modified_time":"2021-08-23T13:23:14+00:00","og_image":[{"url":"https:\/\/liemessa.fi\/wp-content\/uploads\/2017\/03\/luova-workshop-logo-novelle-675px-1.jpg"}],"twitter_card":"summary_large_image","twitter_site":"@jennihayrinen","schema":{"@context":"https:\/\/schema.org","@graph":[{"@type":"WebPage","@id":"https:\/\/liemessa.fi\/en\/workshops\/","url":"https:\/\/liemessa.fi\/en\/workshops\/","name":"Workshops &#8211; Liemess\u00e4","isPartOf":{"@id":"https:\/\/liemessa.fi\/en\/#website"},"primaryImageOfPage":{"@id":"https:\/\/liemessa.fi\/en\/workshops\/#primaryimage"},"image":{"@id":"https:\/\/liemessa.fi\/en\/workshops\/#primaryimage"},"thumbnailUrl":"https:\/\/liemessa.fi\/wp-content\/uploads\/2017\/03\/luova-workshop-logo-novelle-675px-1.jpg","datePublished":"2021-06-19T12:36:30+00:00","dateModified":"2021-08-23T13:23:14+00:00","breadcrumb":{"@id":"https:\/\/liemessa.fi\/en\/workshops\/#breadcrumb"},"inLanguage":"en-US","potentialAction":[{"@type":"ReadAction","target":["https:\/\/liemessa.fi\/en\/workshops\/"]}]},{"@type":"ImageObject","inLanguage":"en-US","@id":"https:\/\/liemessa.fi\/en\/workshops\/#primaryimage","url":"https:\/\/liemessa.fi\/wp-content\/uploads\/2017\/03\/luova-workshop-logo-novelle-675px-1.jpg","contentUrl":"https:\/\/liemessa.fi\/wp-content\/uploads\/2017\/03\/luova-workshop-logo-novelle-675px-1.jpg"},{"@type":"BreadcrumbList","@id":"https:\/\/liemessa.fi\/en\/workshops\/#breadcrumb","itemListElement":[{"@type":"ListItem","position":1,"name":"Home","item":"https:\/\/liemessa.fi\/en\/"},{"@type":"ListItem","position":2,"name":"Workshops"}]},{"@type":"WebSite","@id":"https:\/\/liemessa.fi\/en\/#website","url":"https:\/\/liemessa.fi\/en\/","name":"Liemess\u00e4","description":"Ruokablogi","publisher":{"@id":"https:\/\/liemessa.fi\/en\/#\/schema\/person\/596d2ce90763fa48ca2bfdcb2ff0569c"},"potentialAction":[{"@type":"SearchAction","target":{"@type":"EntryPoint","urlTemplate":"https:\/\/liemessa.fi\/en\/?s={search_term_string}"},"query-input":"required name=search_term_string"}],"inLanguage":"en-US"},{"@type":["Person","Organization"],"@id":"https:\/\/liemessa.fi\/en\/#\/schema\/person\/596d2ce90763fa48ca2bfdcb2ff0569c","name":"Jenni","image":{"@type":"ImageObject","inLanguage":"en-US","@id":"https:\/\/liemessa.fi\/en\/#\/schema\/person\/image\/","url":"https:\/\/liemessa.fi\/wp-content\/uploads\/2020\/12\/Liemessa-logo-v2.png","contentUrl":"https:\/\/liemessa.fi\/wp-content\/uploads\/2020\/12\/Liemessa-logo-v2.png","width":700,"height":220,"caption":"Jenni"},"logo":{"@id":"https:\/\/liemessa.fi\/en\/#\/schema\/person\/image\/"},"sameAs":["https:\/\/liemessa.fi"]}]}},"_links":{"self":[{"href":"https:\/\/liemessa.fi\/en\/wp-json\/wp\/v2\/pages\/36714"}],"collection":[{"href":"https:\/\/liemessa.fi\/en\/wp-json\/wp\/v2\/pages"}],"about":[{"href":"https:\/\/liemessa.fi\/en\/wp-json\/wp\/v2\/types\/page"}],"author":[{"embeddable":true,"href":"https:\/\/liemessa.fi\/en\/wp-json\/wp\/v2\/users\/3"}],"replies":[{"embeddable":true,"href":"https:\/\/liemessa.fi\/en\/wp-json\/wp\/v2\/comments?post=36714"}],"version-history":[{"count":5,"href":"https:\/\/liemessa.fi\/en\/wp-json\/wp\/v2\/pages\/36714\/revisions"}],"predecessor-version":[{"id":37053,"href":"https:\/\/liemessa.fi\/en\/wp-json\/wp\/v2\/pages\/36714\/revisions\/37053"}],"wp:attachment":[{"href":"https:\/\/liemessa.fi\/en\/wp-json\/wp\/v2\/media?parent=36714"}],"curies":[{"name":"wp","href":"https:\/\/api.w.org\/{rel}","templated":true}]}}